{"id":1456,"date":"2020-11-24T09:51:38","date_gmt":"2020-11-24T08:51:38","guid":{"rendered":"https:\/\/www.piavejolly.com\/CoppaPiave\/?page_id=1456"},"modified":"2024-10-31T16:55:22","modified_gmt":"2024-10-31T15:55:22","slug":"privacy-policy","status":"publish","type":"page","link":"https:\/\/www.piavejolly.com\/CoppaPiave\/privacy-policy\/","title":{"rendered":"Privacy Policy"},"content":{"rendered":"<p><span style=\"color: #294a70;\">Informativa Privacy ai sensi degli articoli 13 e\u00a014 del Regolamento Europeo 2016\/679 \u2013 GDPR<\/span><\/p>\n<ol>\n<li><span style=\"color: #294a70;\"><strong> Premessa<\/strong><\/span><\/li>\n<\/ol>\n<p style=\"text-align: justify;\"><span style=\"color: #294a70;\">Ai sensi degli articoli 13 e 14 del Regolamento Europeo 679\/2016 (in seguito anche \u201cGDPR\u201d), viene precisato che i dati personali eventualmente raccolti vengono trattati da Piave Jolly Club &#8211; Associazione Sportiva Dilettantistica in qualit\u00e0 di Titolare del trattamento (in seguito anche \u201cTitolare\u201d) con sede legale in Piazza Giustiniani, 14 \u2013 31100 Treviso (Tv) e per tale ragione rende le informazioni relative al trattamento dei dati.<\/span><\/p>\n<p><span style=\"color: #294a70;\">Tale trattamento \u00e8 improntato ai principi di liceit\u00e0, correttezza e trasparenza, limitazione della finalit\u00e0, minimizzazione dei dati, esattezza, limitazione della conservazione, integrit\u00e0 e riservatezza e responsabilizzazione, nonch\u00e9 tutela della riservatezza e dei diritti dell\u2019interessato. L\u2019informativa \u00e8 resa esclusivamente per il seguente sito internet:\u00a0<\/span><\/p>\n<p><span style=\"color: #294a70;\">www.piavejolly.com\/coppapiave e non anche per altri siti web eventualmente accessibili dall\u2019utente tramite link.<\/span><\/p>\n<ol start=\"2\">\n<li><span style=\"color: #294a70;\"><strong> Tipologie di dati <\/strong><\/span><\/li>\n<\/ol>\n<p><span style=\"color: #294a70;\">I dati personali che vengono trattati in questo Sito Web sono:<\/span><\/p>\n<p style=\"text-align: left;\"><span style=\"color: #294a70;\">a) Dati identificativi: nome, cognome, telefono, email.<\/span><\/p>\n<p><span style=\"color: #294a70;\">Il sito non raccoglie automaticamente nessun tipo di dato o cookie.<\/span><\/p>\n<ol start=\"3\">\n<li><span style=\"color: #294a70;\"><strong> Finalit\u00e0 del trattamento<\/strong><\/span><\/li>\n<\/ol>\n<p><span style=\"color: #294a70;\">I dati personali, volontariamente forniti, sono oggetto di trattamento per le seguenti finalit\u00e0:<\/span><\/p>\n<p><span style=\"color: #294a70;\">a) Richiesta di informazioni tramite il modulo di contatto;<\/span><\/p>\n<ol start=\"4\">\n<li><span style=\"color: #294a70;\"><strong>Modalit\u00e0 del trattamento<\/strong><\/span><\/li>\n<\/ol>\n<p><span style=\"color: #294a70;\">Il trattamento \u00e8 svolto in forma automatizzata e\/o manuale, con modalit\u00e0 e strumenti volti a garantire la massima sicurezza e riservatezza, a opera di soggetti\u00a0appositamente incaricati ed istruiti in ottemperanza a quanto previsto dalla normativa vigente.<\/span><\/p>\n<ol start=\"5\">\n<li><span style=\"color: #294a70;\"><strong> Conservazione<\/strong><\/span><\/li>\n<\/ol>\n<p><span style=\"color: #294a70;\">I dati sono conservati per un periodo non superiore agli scopi per i quali i dati sono stati raccolti e successivamente trattati.<\/span><\/p>\n<ol start=\"6\">\n<li><span style=\"color: #294a70;\"><strong> Ambito di comunicazione e diffusione<\/strong><\/span><\/li>\n<\/ol>\n<p><span style=\"color: #294a70;\">I dati trattati non sono diffusi, n\u00e9 trasferiti all\u2019estero. I dati potrebbero essere comunicati a soggetti esterni formalmente designati, in qualit\u00e0 di responsabili esterni al trattamento, per la gestione del presente sito web:<\/span><\/p>\n<ul>\n<li><span style=\"color: #294a70;\">fornitore di servizi di sviluppo e manutenzione della piattaforma web;<\/span><\/li>\n<\/ul>\n<p><span style=\"color: #294a70;\">Il trattamento dei dati personali \u00e8 effettuato da personale autorizzato e istruito da parte del Titolare del Trattamento.<\/span><\/p>\n<ol start=\"7\">\n<li><span style=\"color: #294a70;\"><strong> Natura del conferimento<\/strong><\/span><\/li>\n<\/ol>\n<p><span style=\"color: #294a70;\">Il conferimento dei dati \u00e8 facoltativo; nel caso in cui alcuni dati necessari non vengano conferiti, il servizio di richiesta di contatto e informazioni non pu\u00f2 essere svolto.<\/span><\/p>\n<ol start=\"8\">\n<li><span style=\"color: #294a70;\"><strong> Diritti degli interessati <\/strong><\/span><\/li>\n<\/ol>\n<p><span style=\"color: #294a70;\">L\u2019interessato ha diritto di ottenere la conferma dell\u2019esistenza o meno di dati personali che lo riguardano, anche se non ancora registrati, e la loro comunicazione in forma intelligibile.<\/span><\/p>\n<p><span style=\"color: #294a70;\">Ai sensi dell\u2019art. 13, par. 2, lett. b), c), d) del Reg. UE 2016\/679, rivolgendosi al Titolare del trattamento, l\u2019interessato pu\u00f2 far valere i seguenti diritti, relativi al trattamento dei dati personali:<\/span><\/p>\n<ul>\n<li><span style=\"color: #294a70;\">diritto all\u2019accesso (art. 15);<\/span><\/li>\n<li><span style=\"color: #294a70;\">diritto di rettifica (art. 16);<\/span><\/li>\n<li><span style=\"color: #294a70;\">diritto di cancellazione (art. 17);<\/span><\/li>\n<li><span style=\"color: #294a70;\">diritto di limitazione (art. 18);<\/span><\/li>\n<li><span style=\"color: #294a70;\">diritto alla portabilit\u00e0 del dato (art. 20);<\/span><\/li>\n<li><span style=\"color: #294a70;\">diritto di opposizione (art. 21);<\/span><\/li>\n<li><span style=\"color: #294a70;\">diritto di proporre reclamo ad un\u2019autorit\u00e0 di controllo (art. 77);<\/span><\/li>\n<li><span style=\"color: #294a70;\">diritto di revocare il consenso, nei casi previsti dall\u2019art. 6, par. 1, lett. a) oppure dall\u2019art. 9, par. 2, lett. a).<\/span><\/li>\n<\/ul>\n<p><span style=\"color: #294a70;\">Il Titolare del trattamento pu\u00f2\u00a0essere contattato per richieste, segnalazioni o per esercitare i diritti, al seguente indirizzo e-mail: <a style=\"color: #294a70;\" href=\"mailto:coppapiave@piavejolly.com\">coppapiave@piavejolly.com<\/a>\u00a0<\/span><\/p>\n","protected":false},"excerpt":{"rendered":"<p>Informativa Privacy ai sensi degli articoli 13 e\u00a014 del Regolamento Europeo 2016\/679 \u2013 GDPR Premessa Ai sensi degli articoli 13 e 14 del Regolamento Europeo 679\/2016 (in seguito anche \u201cGDPR\u201d), viene precisato che i dati personali eventualmente raccolti vengono trattati <a href=\"https:\/\/www.piavejolly.com\/CoppaPiave\/privacy-policy\/\" class=\"read-more\">Read More &#8230;<\/a><\/p>\n","protected":false},"author":1,"featured_media":0,"parent":0,"menu_order":0,"comment_status":"closed","ping_status":"closed","template":"","meta":{"footnotes":""},"class_list":["post-1456","page","type-page","status-publish","hentry"],"yoast_head":"<!-- This site is optimized with the Yoast SEO plugin v22.8 - https:\/\/yoast.com\/wordpress\/plugins\/seo\/ -->\r\n<title>Privacy Policy -<\/title>\r\n<meta name=\"robots\" content=\"index, follow, max-snippet:-1, max-image-preview:large, max-video-preview:-1\" \/>\r\n<link rel=\"canonical\" href=\"https:\/\/www.piavejolly.com\/CoppaPiave\/privacy-policy\/\" \/>\r\n<meta property=\"og:locale\" content=\"it_IT\" \/>\r\n<meta property=\"og:type\" content=\"article\" \/>\r\n<meta property=\"og:title\" content=\"Privacy Policy -\" \/>\r\n<meta property=\"og:description\" content=\"Informativa Privacy ai sensi degli articoli 13 e\u00a014 del Regolamento Europeo 2016\/679 \u2013 GDPR Premessa Ai sensi degli articoli 13 e 14 del Regolamento Europeo 679\/2016 (in seguito anche \u201cGDPR\u201d), viene precisato che i dati personali eventualmente raccolti vengono trattati Read More ...\" \/>\r\n<meta property=\"og:url\" content=\"https:\/\/www.piavejolly.com\/CoppaPiave\/privacy-policy\/\" \/>\r\n<meta property=\"article:modified_time\" content=\"2024-10-31T15:55:22+00:00\" \/>\r\n<meta name=\"twitter:card\" content=\"summary_large_image\" \/>\r\n<meta name=\"twitter:label1\" content=\"Tempo di lettura stimato\" \/>\n\t<meta name=\"twitter:data1\" content=\"3 minuti\" \/>\r\n<script type=\"application\/ld+json\" class=\"yoast-schema-graph\">{\"@context\":\"https:\/\/schema.org\",\"@graph\":[{\"@type\":\"WebPage\",\"@id\":\"https:\/\/www.piavejolly.com\/CoppaPiave\/privacy-policy\/\",\"url\":\"https:\/\/www.piavejolly.com\/CoppaPiave\/privacy-policy\/\",\"name\":\"Privacy Policy -\",\"isPartOf\":{\"@id\":\"https:\/\/www.piavejolly.com\/CoppaPiave\/#website\"},\"datePublished\":\"2020-11-24T08:51:38+00:00\",\"dateModified\":\"2024-10-31T15:55:22+00:00\",\"breadcrumb\":{\"@id\":\"https:\/\/www.piavejolly.com\/CoppaPiave\/privacy-policy\/#breadcrumb\"},\"inLanguage\":\"it-IT\",\"potentialAction\":[{\"@type\":\"ReadAction\",\"target\":[\"https:\/\/www.piavejolly.com\/CoppaPiave\/privacy-policy\/\"]}]},{\"@type\":\"BreadcrumbList\",\"@id\":\"https:\/\/www.piavejolly.com\/CoppaPiave\/privacy-policy\/#breadcrumb\",\"itemListElement\":[{\"@type\":\"ListItem\",\"position\":1,\"name\":\"Home\",\"item\":\"https:\/\/www.piavejolly.com\/CoppaPiave\/\"},{\"@type\":\"ListItem\",\"position\":2,\"name\":\"Privacy Policy\"}]},{\"@type\":\"WebSite\",\"@id\":\"https:\/\/www.piavejolly.com\/CoppaPiave\/#website\",\"url\":\"https:\/\/www.piavejolly.com\/CoppaPiave\/\",\"name\":\"\",\"description\":\"\",\"potentialAction\":[{\"@type\":\"SearchAction\",\"target\":{\"@type\":\"EntryPoint\",\"urlTemplate\":\"https:\/\/www.piavejolly.com\/CoppaPiave\/?s={search_term_string}\"},\"query-input\":\"required name=search_term_string\"}],\"inLanguage\":\"it-IT\"}]}<\/script>\r\n<!-- \/ Yoast SEO plugin. -->","yoast_head_json":{"title":"Privacy Policy -","robots":{"index":"index","follow":"follow","max-snippet":"max-snippet:-1","max-image-preview":"max-image-preview:large","max-video-preview":"max-video-preview:-1"},"canonical":"https:\/\/www.piavejolly.com\/CoppaPiave\/privacy-policy\/","og_locale":"it_IT","og_type":"article","og_title":"Privacy Policy -","og_description":"Informativa Privacy ai sensi degli articoli 13 e\u00a014 del Regolamento Europeo 2016\/679 \u2013 GDPR Premessa Ai sensi degli articoli 13 e 14 del Regolamento Europeo 679\/2016 (in seguito anche \u201cGDPR\u201d), viene precisato che i dati personali eventualmente raccolti vengono trattati Read More ...","og_url":"https:\/\/www.piavejolly.com\/CoppaPiave\/privacy-policy\/","article_modified_time":"2024-10-31T15:55:22+00:00","twitter_card":"summary_large_image","twitter_misc":{"Tempo di lettura stimato":"3 minuti"},"schema":{"@context":"https:\/\/schema.org","@graph":[{"@type":"WebPage","@id":"https:\/\/www.piavejolly.com\/CoppaPiave\/privacy-policy\/","url":"https:\/\/www.piavejolly.com\/CoppaPiave\/privacy-policy\/","name":"Privacy Policy -","isPartOf":{"@id":"https:\/\/www.piavejolly.com\/CoppaPiave\/#website"},"datePublished":"2020-11-24T08:51:38+00:00","dateModified":"2024-10-31T15:55:22+00:00","breadcrumb":{"@id":"https:\/\/www.piavejolly.com\/CoppaPiave\/privacy-policy\/#breadcrumb"},"inLanguage":"it-IT","potentialAction":[{"@type":"ReadAction","target":["https:\/\/www.piavejolly.com\/CoppaPiave\/privacy-policy\/"]}]},{"@type":"BreadcrumbList","@id":"https:\/\/www.piavejolly.com\/CoppaPiave\/privacy-policy\/#breadcrumb","itemListElement":[{"@type":"ListItem","position":1,"name":"Home","item":"https:\/\/www.piavejolly.com\/CoppaPiave\/"},{"@type":"ListItem","position":2,"name":"Privacy Policy"}]},{"@type":"WebSite","@id":"https:\/\/www.piavejolly.com\/CoppaPiave\/#website","url":"https:\/\/www.piavejolly.com\/CoppaPiave\/","name":"","description":"","potentialAction":[{"@type":"SearchAction","target":{"@type":"EntryPoint","urlTemplate":"https:\/\/www.piavejolly.com\/CoppaPiave\/?s={search_term_string}"},"query-input":"required name=search_term_string"}],"inLanguage":"it-IT"}]}},"jetpack_sharing_enabled":true,"_links":{"self":[{"href":"https:\/\/www.piavejolly.com\/CoppaPiave\/wp-json\/wp\/v2\/pages\/1456","targetHints":{"allow":["GET"]}}],"collection":[{"href":"https:\/\/www.piavejolly.com\/CoppaPiave\/wp-json\/wp\/v2\/pages"}],"about":[{"href":"https:\/\/www.piavejolly.com\/CoppaPiave\/wp-json\/wp\/v2\/types\/page"}],"author":[{"embeddable":true,"href":"https:\/\/www.piavejolly.com\/CoppaPiave\/wp-json\/wp\/v2\/users\/1"}],"replies":[{"embeddable":true,"href":"https:\/\/www.piavejolly.com\/CoppaPiave\/wp-json\/wp\/v2\/comments?post=1456"}],"version-history":[{"count":9,"href":"https:\/\/www.piavejolly.com\/CoppaPiave\/wp-json\/wp\/v2\/pages\/1456\/revisions"}],"predecessor-version":[{"id":2350,"href":"https:\/\/www.piavejolly.com\/CoppaPiave\/wp-json\/wp\/v2\/pages\/1456\/revisions\/2350"}],"wp:attachment":[{"href":"https:\/\/www.piavejolly.com\/CoppaPiave\/wp-json\/wp\/v2\/media?parent=1456"}],"curies":[{"name":"wp","href":"https:\/\/api.w.org\/{rel}","templated":true}]}}