{"id":2368,"date":"2025-01-08T21:24:50","date_gmt":"2025-01-08T20:24:50","guid":{"rendered":"https:\/\/www.piavejolly.com\/CoppaPiave\/?page_id=2368"},"modified":"2025-01-19T10:00:31","modified_gmt":"2025-01-19T09:00:31","slug":"coppa-del-piave-revival-2022","status":"publish","type":"page","link":"https:\/\/www.piavejolly.com\/CoppaPiave\/home\/coppa-del-piave-revival-2022\/","title":{"rendered":"Coppa del Piave Revival 2022"},"content":{"rendered":"<p style=\"text-align: center;\"><img fetchpriority=\"high\" decoding=\"async\" class=\"alignnone size-full wp-image-2527\" src=\"https:\/\/www.piavejolly.com\/CoppaPiave\/wp-content\/uploads\/2025\/01\/1.COPPA-DEL-PIAVE-2022-post-social.jpg\" alt=\"\" width=\"2500\" height=\"1313\" srcset=\"https:\/\/www.piavejolly.com\/CoppaPiave\/wp-content\/uploads\/2025\/01\/1.COPPA-DEL-PIAVE-2022-post-social.jpg 2500w, https:\/\/www.piavejolly.com\/CoppaPiave\/wp-content\/uploads\/2025\/01\/1.COPPA-DEL-PIAVE-2022-post-social-300x158.jpg 300w, https:\/\/www.piavejolly.com\/CoppaPiave\/wp-content\/uploads\/2025\/01\/1.COPPA-DEL-PIAVE-2022-post-social-1024x538.jpg 1024w, https:\/\/www.piavejolly.com\/CoppaPiave\/wp-content\/uploads\/2025\/01\/1.COPPA-DEL-PIAVE-2022-post-social-768x403.jpg 768w, https:\/\/www.piavejolly.com\/CoppaPiave\/wp-content\/uploads\/2025\/01\/1.COPPA-DEL-PIAVE-2022-post-social-1536x807.jpg 1536w, https:\/\/www.piavejolly.com\/CoppaPiave\/wp-content\/uploads\/2025\/01\/1.COPPA-DEL-PIAVE-2022-post-social-2048x1076.jpg 2048w, https:\/\/www.piavejolly.com\/CoppaPiave\/wp-content\/uploads\/2025\/01\/1.COPPA-DEL-PIAVE-2022-post-social-360x189.jpg 360w\" sizes=\"(max-width: 2500px) 100vw, 2500px\" \/><\/p>\n<p style=\"font-weight: 400; text-align: justify;\"><span style=\"color: #2a4870;\">La rievocazione storica di Coppa del Piave fa ritorno nella Marca Gioiosa sabato 14 e domenica 15 maggio\u00a0<strong>2022<\/strong>.\u00a0<\/span><\/p>\n<p style=\"font-weight: 400; text-align: justify;\"><span style=\"color: #2a4870;\">L\u2019evento si tiene a Treviso, con il quartier generale, la partenza e l\u2019arrivo all\u2019Ippodromo Sant\u2019Artemio, sempre organizzato dal Comitato Piave Jolly Club e sono confermati i Patrocini di \u201cRegione del Veneto\u201d e \u201cCitt\u00e0 di Treviso\u201d e le validit\u00e0 per il Trofeo Tre Regioni &#8211; Serie riservata alla Regolarit\u00e0 Turistica Auto Storiche e Auto Moderne ed il Campionato Nazionale UNVS Regolarit\u00e0.<\/span><\/p>\n<p style=\"font-weight: 400; text-align: justify;\"><span style=\"color: #2a4870;\">Anche quest\u2019anno l\u2019organizzazione riporta Coppa del Piave in Citt\u00e0 nel pomeriggio di sabato, rendendo omaggio a Treviso eletta Citt\u00e0 Europea dello Sport 2022: la sfilata \u201cEsordio\u201d riservata alle vetture iscritte che, lasciato l\u2019Ippodromo, transitano a \u201cpasso d\u2019uomo\u201d in Calmaggiore, Piazza dei Signori, Via Indipendenza, Via Martiri della Libert\u00e0, Via Toniolo, Via Reggimento Italia Libera, per poi rientrare all\u2019Ippodromo e prendere la partenza ufficiale della manifestazione.<\/span><\/p>\n<p style=\"font-weight: 400; text-align: justify;\"><span style=\"color: #2a4870;\">Un tracciato inedito, suddiviso in due tappe di oltre 90 km ciascuna che\u00a0prevedono in totale 6 CO e 46 PC, attende i concorrenti che si sfidano nei rilevamenti di precisione. Il percorso si snoda lungo le pendici dell\u2019Altopiano del Cansiglio e prosegue a mezza costa sino alle Grotte del Caglieron.\u00a0<\/span><\/p>\n<p style=\"font-weight: 400; text-align: justify;\"><span style=\"color: #2a4870;\">Attraversata Vittorio Veneto si raggiunge con vari tornanti una delle pi\u00f9 elevate borgate, San Lorenzo, per poi scendere a Tarzo ed immergersi nelle Colline del Prosecco.<\/span><\/p>\n<p style=\"font-weight: 400; text-align: justify;\"><span style=\"color: #2a4870;\">La partenza di tappa 1 \u00e8 data alle ore 17:00 con arrivo alle ore 20:30 nell\u2019incantevole cornice di Guia, borgo tra le colline del Prosecco di Valdobbiadene, Patrimonio Mondiale UNESCO.\u00a0<\/span><\/p>\n<p style=\"font-weight: 400; text-align: justify;\"><span style=\"color: #2a4870;\">La Pro Loco locale accoglie i partecipanti in attesa della partenza di tappa 2 alle ore 21:00 accompagnati per l\u2019occasione dal chiaro di luna.<\/span><\/p>\n<p style=\"font-weight: 400; text-align: justify;\"><span style=\"color: #2a4870;\">Il prestigioso Relais Monaco Country Hotel &amp; Spa di Ponzano Veneto si riconferma luogo della cerimonia di premiazione domenica 15 maggio alle ore 11:00.<\/span><\/p>\n<p style=\"font-weight: 400; text-align: justify;\"><span style=\"color: #2a4870;\">Un solo equipaggio al traguardo per la Regolarit\u00e0 Classica Auto Moderne con i romani Salvatore Sardisco e Giovanni Abiatico (Porsche Boxster-2004) vincitori e al successo in una gara a cui partecipavano per la prima volta.<\/span><\/p>\n<p style=\"font-weight: 400; text-align: justify;\"><span style=\"color: #2a4870;\">La Regolarit\u00e0 Classica Auto Storiche ha assistito al trionfo di Paolo Salvetti \u2013 che bissa a vent\u2019anni di distanza la sua vittoria del 2002 &#8211; e Roberto Bortoluzzi (Lancia Delta Integrale-1989) che hanno sbaragliato gli avversari lasciando la seconda piazza ad Antonio Faccin e Silvia Del Santo (MG Midget-1970) e il terzo gradino del podio a Marco Pitondo e Maristella Zangrandi (A112 Elite-1984).<\/span><\/p>\n<p style=\"font-weight: 400; text-align: justify;\"><span style=\"color: #2a4870;\">Successo nella Regolarit\u00e0 Turistica Auto Moderne per la Peugeot 205 GTI del 1992 dei padovani Fabio Barison e Adriano Paggiarin che hanno preceduto sul traguardo finale, Ivano Ceci e Barbara Botti di Collecchio (Pr) (FIAT Abarth 500-2009). Al terzo posto ancora una FIAT Abarth, ma Grande Punto del 2010, per Enrico Vianello e Giuseppe Coradazzi.\u00a0<\/span><\/p>\n<p style=\"font-weight: 400; text-align: justify;\"><span style=\"color: #2a4870;\">Nella Regolarit\u00e0 Turistica Auto Storiche la vittoria assoluta, ancora una volta, va a Giacomo Turri che con Elisa Moscato (FIAT 128-1974) si aggiudica il successo precedendo la Volvo Amazon P121 del 1968 di Leonardo Fabbri e Natascia Biancolin e la FIAT 850 Special \u2013 datata 1971 \u2013 dei trentini Luca e Giorgio Fichera.<\/span><\/p>\n<p style=\"font-weight: 400; text-align: justify;\"><span style=\"color: #2a4870;\">La coppa dedicata alla Casa costruttrice, riservata al marchio con il maggior numero di vetture iscritte, \u00e8 andata alla migliore FIAT al traguardo, in questo caso la 128 di Giacomo Turri ed Elisa Moscato.<\/span><\/p>\n<p style=\"font-weight: 400; text-align: justify;\"><span style=\"color: #2a4870;\">Prova valida per il Campionato Nazionale Regolarit\u00e0 UNVS, Coppa del Piave Revival ha visto l\u2019affermazione dei soci Giacomo Turri, primo assoluto, che ha ritirato il Trofeo che ogni anno passa di mano in mano fra i soci, che ha preceduto William Cocconcelli e Maurizio Pozzan. In questo caso mentre Turri era il pilota della FIAT 128, William Cocconcelli navigava Pietro Iula su Opel Kadett GTE del 1978 mentre Maurizio Pozzan guidava una Porsche 914 del 1974.<\/span><\/p>\n<p style=\"font-weight: 400; text-align: justify;\"><span style=\"color: #2a4870;\">Lo speciale riconoscimento, coppa \u2018Premio Precisione\u2019 \u2013 assegnata da Proattiva, sicurezza informatica &#8211; \u00e8 finita nelle mani dell\u2019equipaggio Faccin &#8211; Dal Santo che ha conseguito il pi\u00f9 rilevante numero di prove cronometrate con penalit\u00e0 zero.\u00a0<\/span><\/p>\n<p style=\"text-align: center;\"><section id=\"huge_it_portfolio_container_13\" data-object-name=\"images_obj_13\">\r\n\t<div id=\"huge-it-container-loading-overlay_13\"><\/div>\r\n\t<div id=\"huge_it_portfolio_content_13\"\r\n\t\t\t class=\"portfolio-gallery-content elastic_grid view-elastic-grid\"\r\n\t\t \t data-show-loading=\"off\"\r\n\t\t\t data-image-behaviour=\"crop\">\r\n\r\n\t<\/div>\r\n<\/section><style>\r\n#huge_it_portfolio_container_13 ul#portfolio-filter {\r\n text-align: center;\r\n}\r\n\r\n#huge_it_portfolio_container_13 ul#portfolio-filter li {\r\n float: none;\r\n}\r\n\r\n#huge_it_portfolio_container_13 ul#portfolio-filter a {\r\n\tdisplay: inline-block;\r\n\tcolor: #444444;\r\n\tbackground-color: #F7F7F7;\r\n\tpadding: 8px;\r\n\tborder-radius: 4px;\r\n\t-moz-border-radius: 4px;\r\n\t-webkit-border-radius: 4px;\r\n}\r\n\r\n#huge_it_portfolio_container_13 ul#portfolio-filter li.current a {\r\n\tcolor: #fff !important;\r\n\tbackground-color: #666 !important;\r\n}\r\n\r\n#huge_it_portfolio_container_13 ul#portfolio-filter li.current a:hover {\r\n\tcolor: #fff !important;\r\n\tbackground-color: #666 !important;\r\n}\r\n\r\n#huge_it_portfolio_container_13 ul#portfolio-filter a:hover {\r\n\tcolor: #fff;\r\n\tbackground-color: #FF3845;\r\n}\r\n\r\n#huge_it_portfolio_container_13 #huge-it-container-loading-overlay_13 {\r\n\twidth: 100%;\r\n\theight: 100%;\r\n\tposition: absolute;\r\n\tz-index: 1;\r\n\tbackground: url(https:\/\/www.piavejolly.com\/CoppaPiave\/wp-content\/plugins\/portfolio-gallery\/assets\/images\/loading\/loading-1.svg) center top;\r\n\tbackground-repeat: no-repeat;\r\n\tbackground-size: 60px auto;\r\ndisplay:none}\r\n\r\n#huge_it_portfolio_container_13 #huge_it_portfolio_content_13 {\r\n}\r\n\r\n#huge_it_portfolio_container_13 {\r\n\tposition: relative;\r\n\tdisplay: inline-block;\r\n\twidth: 100%;\r\n}\r\n\r\n#huge_it_portfolio_content_13 .wagwep-container {\r\n display: none;\r\n}\r\n\r\n#huge_it_portfolio_content_13 ul.og-grid {\r\n\tpadding: 0;\r\n text-align: center;\r\n}\r\n\r\n#huge_it_portfolio_content_13 .og-grid > li {\r\n\twidth: 250px;\r\n\theight: 150px;\r\n margin: 10px 5px 0 5px;\r\n}\r\n\r\n#huge_it_portfolio_content_13 .og-grid > li > a {\r\n\twidth: 100%;\r\n\theight: 100%;\r\n\toverflow: hidden;\r\n\tbox-shadow: none;\r\n\tmax-height: 150px;\r\n\tborder: solid #DEDEDE 0px;\r\n}\r\n\r\n#huge_it_portfolio_content_13 .og-grid li > a > img {\r\n max-width: none;\r\n\tmax-height: none;\r\n}\r\n\r\n#huge_it_portfolio_content_13 .og-grid > li > a > figure > span {\r\n\tpadding: 10px 0;\r\n\tmargin: 40px 20px 20px 20px;\r\n\tcolor: #FFFFFF;\r\n\tborder-bottom: solid #FFFFFF 1px;\r\n\tfont-size: 16px;\r\n\ttext-align: center;\r\n\ttext-transform: none;\r\n}\r\n\r\n#huge_it_portfolio_content_13 .og-grid > li .og-pointer {\r\n\tborder-bottom-color: #222222;\r\n}\r\n\r\n#huge_it_portfolio_content_13 .og-grid > li > a > figure {\r\n\tbackground: rgba(72,72,72,0.7) ;\r\n\tmargin: 0;\r\n}\r\n\r\n#huge_it_portfolio_content_13 .og-expander {\r\n\twidth: 100%;\r\n\tbackground: rgba(34,34,34,1) ;\r\n left: 50%;\r\n\ttransform: translateX(-50%);\r\n}\r\n\r\n#huge_it_portfolio_content_13 .og-expander .elastislide-wrapper {\r\n\tbackground-color: #313131;\r\n box-shadow: inset 0 0 10px #000;\r\n\t-moz-box-shadow: inset 0 0 10px #000;\r\n\t-webkit-box-shadow: inset 0 0 10px #000;\r\n\tmargin-bottom: 25px;\r\n\theight: 100px;\r\n\tbox-sizing: content-box;\r\n}\r\n\r\n#huge_it_portfolio_content_13 .og-expander ul.elastislide-list {\r\n\tpadding: 0;\r\n}\r\n\r\n#huge_it_portfolio_content_13 .og-expander ul.elastislide-list li {\r\n\tmargin: 0 2% 5px 1%;\r\n\tmax-width: none !important;\r\n\tmax-height: none !important;\r\n\twidth: 100px !important;\r\n\theight: 100px !important;\r\n}\r\n\r\n#huge_it_portfolio_content_13 .og-expander ul.elastislide-list li > a > img {\r\n\twidth: 100%;\r\n\theight: 100%;\r\n\tmax-width: none;\r\n\tmax-height: none;\r\n\tborder: solid 2px #313131;\r\n}\r\n\r\n#huge_it_portfolio_content_13 .og-expander ul.elastislide-list li > a > img.selected {\r\n\tborder: 2px solid #999999;\r\n}\r\n\r\n#huge_it_portfolio_content_13 .og-expander ul.elastislide-list li > a {\r\n\twidth: 100%;\r\n\theight: 100%;\r\n}\r\n\r\n#huge_it_portfolio_content_13 .og-expander .og-details a.link-button {\r\n\tfont-size: 11px;\r\n\tcolor: #9f9f9f;\r\n\tbackground-color: #454545;\r\n\tbox-shadow: none;\r\n}\r\n\r\n#huge_it_portfolio_content_13 .og-expander .og-details a.link-button:hover {\r\n\tcolor: #999;\r\n\tbackground: -webkit-gradient(\r\n\t\tlinear, left top, left bottom,\r\n\t\tfrom(#454545),\r\n\t\tto(#131313));\r\n}\r\n\r\n#huge_it_portfolio_content_13 .og-expander .og-expander-inner {\r\n\tdisplay: inline-block;\r\n\twidth: 100%;\r\n}\r\n\r\n#huge_it_portfolio_content_13 .og-expander .og-details p {\r\n\tfont-size: 13px;\r\n\tcolor: #999;\r\n\ttext-align: left;\r\n\tmargin: 0;\r\n}\r\n\r\n#huge_it_portfolio_content_13 .og-expander .og-close {\r\n\tz-index: 999;\r\n}\r\n\r\n#huge_it_portfolio_content_13 .og-expander .og-details {\r\n\tfloat: right;\r\n\theight: auto;\r\n}\r\n\r\n#huge_it_portfolio_content_13 .og-expander .og-details h3 {\r\n\tcolor: #d6d6d6;\r\n\tfont-size: 35px;\r\n\tline-height: normal;\r\n}\r\n\r\n#huge_it_portfolio_content_13 .og-fullimg {\r\n\theight: 100%;\r\n\tfloat: left;\r\n}\r\n\r\n#huge_it_portfolio_content_13 .og-fullimg img {\r\n\tmargin-bottom: 25px;\r\n\twidth: 100%;\r\n}\r\n\r\n#huge_it_portfolio_content_13 .og-fullimg iframe {\r\n\twidth: 100%;\r\n\tborder: none;\r\n    height: 80%!important;\r\n}\r\n\r\n@media (max-width: 767px){\r\n\t#huge_it_portfolio_content_13 .og-fullimg {\r\n\t\theight: auto;\r\n\t}\r\n}\r\n\r\n<\/style ><\/p>\n","protected":false},"excerpt":{"rendered":"<p>La rievocazione storica di Coppa del Piave fa ritorno nella Marca Gioiosa sabato 14 e domenica 15 maggio\u00a02022.\u00a0 L\u2019evento si tiene a Treviso, con il quartier generale, la partenza e l\u2019arrivo all\u2019Ippodromo Sant\u2019Artemio, sempre organizzato dal Comitato Piave Jolly Club <a href=\"https:\/\/www.piavejolly.com\/CoppaPiave\/home\/coppa-del-piave-revival-2022\/\" class=\"read-more\">Read More &#8230;<\/a><\/p>\n","protected":false},"author":1,"featured_media":0,"parent":11,"menu_order":0,"comment_status":"closed","ping_status":"closed","template":"","meta":{"footnotes":""},"class_list":["post-2368","page","type-page","status-publish","hentry"],"yoast_head":"<!-- This site is optimized with the Yoast SEO plugin v22.8 - https:\/\/yoast.com\/wordpress\/plugins\/seo\/ -->\r\n<title>Coppa del Piave Revival 2022 -<\/title>\r\n<meta name=\"robots\" content=\"index, follow, max-snippet:-1, max-image-preview:large, max-video-preview:-1\" \/>\r\n<link rel=\"canonical\" href=\"https:\/\/www.piavejolly.com\/CoppaPiave\/home\/coppa-del-piave-revival-2022\/\" \/>\r\n<meta property=\"og:locale\" content=\"it_IT\" \/>\r\n<meta property=\"og:type\" content=\"article\" \/>\r\n<meta property=\"og:title\" content=\"Coppa del Piave Revival 2022 -\" \/>\r\n<meta property=\"og:description\" content=\"La rievocazione storica di Coppa del Piave fa ritorno nella Marca Gioiosa sabato 14 e domenica 15 maggio\u00a02022.\u00a0 L\u2019evento si tiene a Treviso, con il quartier generale, la partenza e l\u2019arrivo all\u2019Ippodromo Sant\u2019Artemio, sempre organizzato dal Comitato Piave Jolly Club Read More ...\" \/>\r\n<meta property=\"og:url\" content=\"https:\/\/www.piavejolly.com\/CoppaPiave\/home\/coppa-del-piave-revival-2022\/\" \/>\r\n<meta property=\"article:modified_time\" content=\"2025-01-19T09:00:31+00:00\" \/>\r\n<meta property=\"og:image\" content=\"https:\/\/www.piavejolly.com\/CoppaPiave\/wp-content\/uploads\/2025\/01\/1.COPPA-DEL-PIAVE-2022-post-social.jpg\" \/>\r\n<meta name=\"twitter:card\" content=\"summary_large_image\" \/>\r\n<meta name=\"twitter:label1\" content=\"Tempo di lettura stimato\" \/>\n\t<meta name=\"twitter:data1\" content=\"4 minuti\" \/>\r\n<script type=\"application\/ld+json\" class=\"yoast-schema-graph\">{\"@context\":\"https:\/\/schema.org\",\"@graph\":[{\"@type\":\"WebPage\",\"@id\":\"https:\/\/www.piavejolly.com\/CoppaPiave\/home\/coppa-del-piave-revival-2022\/\",\"url\":\"https:\/\/www.piavejolly.com\/CoppaPiave\/home\/coppa-del-piave-revival-2022\/\",\"name\":\"Coppa del Piave Revival 2022 -\",\"isPartOf\":{\"@id\":\"https:\/\/www.piavejolly.com\/CoppaPiave\/#website\"},\"primaryImageOfPage\":{\"@id\":\"https:\/\/www.piavejolly.com\/CoppaPiave\/home\/coppa-del-piave-revival-2022\/#primaryimage\"},\"image\":{\"@id\":\"https:\/\/www.piavejolly.com\/CoppaPiave\/home\/coppa-del-piave-revival-2022\/#primaryimage\"},\"thumbnailUrl\":\"https:\/\/www.piavejolly.com\/CoppaPiave\/wp-content\/uploads\/2025\/01\/1.COPPA-DEL-PIAVE-2022-post-social.jpg\",\"datePublished\":\"2025-01-08T20:24:50+00:00\",\"dateModified\":\"2025-01-19T09:00:31+00:00\",\"breadcrumb\":{\"@id\":\"https:\/\/www.piavejolly.com\/CoppaPiave\/home\/coppa-del-piave-revival-2022\/#breadcrumb\"},\"inLanguage\":\"it-IT\",\"potentialAction\":[{\"@type\":\"ReadAction\",\"target\":[\"https:\/\/www.piavejolly.com\/CoppaPiave\/home\/coppa-del-piave-revival-2022\/\"]}]},{\"@type\":\"ImageObject\",\"inLanguage\":\"it-IT\",\"@id\":\"https:\/\/www.piavejolly.com\/CoppaPiave\/home\/coppa-del-piave-revival-2022\/#primaryimage\",\"url\":\"https:\/\/www.piavejolly.com\/CoppaPiave\/wp-content\/uploads\/2025\/01\/1.COPPA-DEL-PIAVE-2022-post-social.jpg\",\"contentUrl\":\"https:\/\/www.piavejolly.com\/CoppaPiave\/wp-content\/uploads\/2025\/01\/1.COPPA-DEL-PIAVE-2022-post-social.jpg\",\"width\":2500,\"height\":1313},{\"@type\":\"BreadcrumbList\",\"@id\":\"https:\/\/www.piavejolly.com\/CoppaPiave\/home\/coppa-del-piave-revival-2022\/#breadcrumb\",\"itemListElement\":[{\"@type\":\"ListItem\",\"position\":1,\"name\":\"Home\",\"item\":\"https:\/\/www.piavejolly.com\/CoppaPiave\/\"},{\"@type\":\"ListItem\",\"position\":2,\"name\":\"Coppa del Piave Revival 2022\"}]},{\"@type\":\"WebSite\",\"@id\":\"https:\/\/www.piavejolly.com\/CoppaPiave\/#website\",\"url\":\"https:\/\/www.piavejolly.com\/CoppaPiave\/\",\"name\":\"\",\"description\":\"\",\"potentialAction\":[{\"@type\":\"SearchAction\",\"target\":{\"@type\":\"EntryPoint\",\"urlTemplate\":\"https:\/\/www.piavejolly.com\/CoppaPiave\/?s={search_term_string}\"},\"query-input\":\"required name=search_term_string\"}],\"inLanguage\":\"it-IT\"}]}<\/script>\r\n<!-- \/ Yoast SEO plugin. -->","yoast_head_json":{"title":"Coppa del Piave Revival 2022 -","robots":{"index":"index","follow":"follow","max-snippet":"max-snippet:-1","max-image-preview":"max-image-preview:large","max-video-preview":"max-video-preview:-1"},"canonical":"https:\/\/www.piavejolly.com\/CoppaPiave\/home\/coppa-del-piave-revival-2022\/","og_locale":"it_IT","og_type":"article","og_title":"Coppa del Piave Revival 2022 -","og_description":"La rievocazione storica di Coppa del Piave fa ritorno nella Marca Gioiosa sabato 14 e domenica 15 maggio\u00a02022.\u00a0 L\u2019evento si tiene a Treviso, con il quartier generale, la partenza e l\u2019arrivo all\u2019Ippodromo Sant\u2019Artemio, sempre organizzato dal Comitato Piave Jolly Club Read More ...","og_url":"https:\/\/www.piavejolly.com\/CoppaPiave\/home\/coppa-del-piave-revival-2022\/","article_modified_time":"2025-01-19T09:00:31+00:00","og_image":[{"url":"https:\/\/www.piavejolly.com\/CoppaPiave\/wp-content\/uploads\/2025\/01\/1.COPPA-DEL-PIAVE-2022-post-social.jpg"}],"twitter_card":"summary_large_image","twitter_misc":{"Tempo di lettura stimato":"4 minuti"},"schema":{"@context":"https:\/\/schema.org","@graph":[{"@type":"WebPage","@id":"https:\/\/www.piavejolly.com\/CoppaPiave\/home\/coppa-del-piave-revival-2022\/","url":"https:\/\/www.piavejolly.com\/CoppaPiave\/home\/coppa-del-piave-revival-2022\/","name":"Coppa del Piave Revival 2022 -","isPartOf":{"@id":"https:\/\/www.piavejolly.com\/CoppaPiave\/#website"},"primaryImageOfPage":{"@id":"https:\/\/www.piavejolly.com\/CoppaPiave\/home\/coppa-del-piave-revival-2022\/#primaryimage"},"image":{"@id":"https:\/\/www.piavejolly.com\/CoppaPiave\/home\/coppa-del-piave-revival-2022\/#primaryimage"},"thumbnailUrl":"https:\/\/www.piavejolly.com\/CoppaPiave\/wp-content\/uploads\/2025\/01\/1.COPPA-DEL-PIAVE-2022-post-social.jpg","datePublished":"2025-01-08T20:24:50+00:00","dateModified":"2025-01-19T09:00:31+00:00","breadcrumb":{"@id":"https:\/\/www.piavejolly.com\/CoppaPiave\/home\/coppa-del-piave-revival-2022\/#breadcrumb"},"inLanguage":"it-IT","potentialAction":[{"@type":"ReadAction","target":["https:\/\/www.piavejolly.com\/CoppaPiave\/home\/coppa-del-piave-revival-2022\/"]}]},{"@type":"ImageObject","inLanguage":"it-IT","@id":"https:\/\/www.piavejolly.com\/CoppaPiave\/home\/coppa-del-piave-revival-2022\/#primaryimage","url":"https:\/\/www.piavejolly.com\/CoppaPiave\/wp-content\/uploads\/2025\/01\/1.COPPA-DEL-PIAVE-2022-post-social.jpg","contentUrl":"https:\/\/www.piavejolly.com\/CoppaPiave\/wp-content\/uploads\/2025\/01\/1.COPPA-DEL-PIAVE-2022-post-social.jpg","width":2500,"height":1313},{"@type":"BreadcrumbList","@id":"https:\/\/www.piavejolly.com\/CoppaPiave\/home\/coppa-del-piave-revival-2022\/#breadcrumb","itemListElement":[{"@type":"ListItem","position":1,"name":"Home","item":"https:\/\/www.piavejolly.com\/CoppaPiave\/"},{"@type":"ListItem","position":2,"name":"Coppa del Piave Revival 2022"}]},{"@type":"WebSite","@id":"https:\/\/www.piavejolly.com\/CoppaPiave\/#website","url":"https:\/\/www.piavejolly.com\/CoppaPiave\/","name":"","description":"","potentialAction":[{"@type":"SearchAction","target":{"@type":"EntryPoint","urlTemplate":"https:\/\/www.piavejolly.com\/CoppaPiave\/?s={search_term_string}"},"query-input":"required name=search_term_string"}],"inLanguage":"it-IT"}]}},"jetpack_sharing_enabled":true,"_links":{"self":[{"href":"https:\/\/www.piavejolly.com\/CoppaPiave\/wp-json\/wp\/v2\/pages\/2368","targetHints":{"allow":["GET"]}}],"collection":[{"href":"https:\/\/www.piavejolly.com\/CoppaPiave\/wp-json\/wp\/v2\/pages"}],"about":[{"href":"https:\/\/www.piavejolly.com\/CoppaPiave\/wp-json\/wp\/v2\/types\/page"}],"author":[{"embeddable":true,"href":"https:\/\/www.piavejolly.com\/CoppaPiave\/wp-json\/wp\/v2\/users\/1"}],"replies":[{"embeddable":true,"href":"https:\/\/www.piavejolly.com\/CoppaPiave\/wp-json\/wp\/v2\/comments?post=2368"}],"version-history":[{"count":6,"href":"https:\/\/www.piavejolly.com\/CoppaPiave\/wp-json\/wp\/v2\/pages\/2368\/revisions"}],"predecessor-version":[{"id":2526,"href":"https:\/\/www.piavejolly.com\/CoppaPiave\/wp-json\/wp\/v2\/pages\/2368\/revisions\/2526"}],"up":[{"embeddable":true,"href":"https:\/\/www.piavejolly.com\/CoppaPiave\/wp-json\/wp\/v2\/pages\/11"}],"wp:attachment":[{"href":"https:\/\/www.piavejolly.com\/CoppaPiave\/wp-json\/wp\/v2\/media?parent=2368"}],"curies":[{"name":"wp","href":"https:\/\/api.w.org\/{rel}","templated":true}]}}