{"id":883,"date":"2020-03-29T19:43:30","date_gmt":"2020-03-29T17:43:30","guid":{"rendered":"http:\/\/www.piavejolly.com\/WP\/?page_id=883"},"modified":"2024-10-20T15:03:36","modified_gmt":"2024-10-20T13:03:36","slug":"iscrizioni","status":"publish","type":"page","link":"https:\/\/www.piavejolly.com\/WP\/iscrizioni\/","title":{"rendered":"Iscrizioni"},"content":{"rendered":"<p><span class=\"quattordici\"><b>I VANTAGGI DEL CLUB:<\/b><\/span><\/p>\n<p><b>Come diventare piloti.<\/b><br \/>\n&#8211; Informazioni per partecipare alle competizioni automobilistiche in Italia ed all&#8217;estero.<br \/>\n<b>HTP (Historic Technical Passport) FIA\/ACI Autostoriche.<\/b><br \/>\n&#8211; Assistenza per il rilascio dei documenti FIA\/ACI per partecipare alle competizioni di regolarit\u00e0 e velocit\u00e0 per autostoriche.<br \/>\n<b>Regolamenti FIA\/ACI &#8211; ASI Autostoriche.<\/b><br \/>\n&#8211; Informazioni tecnico\/giuridiche.<br \/>\nE-mail: <a href=\"mailto:info@piavejolly.com\">info@piavejolly.com<\/a><\/p>\n<p><strong>Coloro che intendono<\/strong><\/p>\n<ul>\n<li><strong>Iscriversi<\/strong> a Piave Jolly Club sono pregati di scaricare e\/o compilare on-line la SCHEDA ISCRIZIONE ed inviarla alla Segreteria; dopo aver esaminato la richiesta si provveder\u00e0 a comunicare l&#8217;avvenuta ammissione al Club che, ricevuta la quota sociale annuale, invier\u00e0 la dichiarazione di Socio con validit\u00e0 dalla data di rilascio al 31 dicembre dell&#8217;anno in corso;<\/li>\n<li><strong>Rinnovare<\/strong> l&#8217;adesione a Piave Jolly Club sono pregati di scaricare e\/o compilare on-line la SCHEDA ISCRIZIONE, allegare la quota sociale annuale ed inviarle alla Segreteria che quanto prima trasmetter\u00e0 la dichiarazione di Socio con validit\u00e0 dalla data di rilascio al 31 dicembre dell&#8217;anno in corso.<\/li>\n<\/ul>\n<p><strong>Per qualsiasi chiarimento la Segreteria \u00e8 a disposizione\u00a0<\/strong>e-mail:\u00a0info@piavejolly.com<\/p>\n<p><a href=\"http:\/\/www.piavejolly.com\/WP\/wp-content\/uploads\/2024\/10\/PJC2.pdf\" target=\"_blank\" rel=\"noopener\"><strong><span class=\"quattordici\">Scarica Scheda iscrizione<\/span><span class=\"dodici\"> (19Kb)<\/span><\/strong><\/a><\/p>\n<p>&nbsp;<\/p>\n","protected":false},"excerpt":{"rendered":"<p>I VANTAGGI DEL CLUB: Come diventare piloti. &#8211; Informazioni per partecipare alle competizioni automobilistiche in Italia ed all&#8217;estero. HTP (Historic Technical Passport) FIA\/ACI Autostoriche. &#8211;<a href=\"https:\/\/www.piavejolly.com\/WP\/iscrizioni\/\" class=\"more-link\"><span class=\"screen-reader-text\"> &#8220;Iscrizioni&#8221;<\/span><\/a><\/p>\n","protected":false},"author":1,"featured_media":0,"parent":0,"menu_order":0,"comment_status":"closed","ping_status":"closed","template":"","meta":{"footnotes":""},"class_list":["post-883","page","type-page","status-publish","hentry"],"_links":{"self":[{"href":"https:\/\/www.piavejolly.com\/WP\/wp-json\/wp\/v2\/pages\/883","targetHints":{"allow":["GET"]}}],"collection":[{"href":"https:\/\/www.piavejolly.com\/WP\/wp-json\/wp\/v2\/pages"}],"about":[{"href":"https:\/\/www.piavejolly.com\/WP\/wp-json\/wp\/v2\/types\/page"}],"author":[{"embeddable":true,"href":"https:\/\/www.piavejolly.com\/WP\/wp-json\/wp\/v2\/users\/1"}],"replies":[{"embeddable":true,"href":"https:\/\/www.piavejolly.com\/WP\/wp-json\/wp\/v2\/comments?post=883"}],"version-history":[{"count":15,"href":"https:\/\/www.piavejolly.com\/WP\/wp-json\/wp\/v2\/pages\/883\/revisions"}],"predecessor-version":[{"id":1439,"href":"https:\/\/www.piavejolly.com\/WP\/wp-json\/wp\/v2\/pages\/883\/revisions\/1439"}],"wp:attachment":[{"href":"https:\/\/www.piavejolly.com\/WP\/wp-json\/wp\/v2\/media?parent=883"}],"curies":[{"name":"wp","href":"https:\/\/api.w.org\/{rel}","templated":true}]}}